{"id":397,"date":"2023-10-31T11:18:04","date_gmt":"2023-10-31T11:18:04","guid":{"rendered":"https:\/\/deparep.saturn.lws-servers.be\/politique-de-cookies\/"},"modified":"2024-01-12T10:40:40","modified_gmt":"2024-01-12T10:40:40","slug":"cookie-richtlinie","status":"publish","type":"page","link":"https:\/\/www.deparep.be\/de\/cookie-richtlinie\/","title":{"rendered":"Cookie-Richtlinie"},"content":{"rendered":"<p>Diese Erkl\u00e4rung zur Verwendung von Cookies gilt f\u00fcr die Website <a href=\"https:\/\/www.deparep.be\/\">www.deparep.be<\/a>.<\/p>\n<p>Die Website wird von Deparep SPRL mit Sitz in Moresnet betrieben.<\/p>\n<p>Zweck dieser Erkl\u00e4rung ist es, den Nutzer der Website \u00fcber die auf der Website verwendeten Cookies zu informieren. Durch den Besuch oder die Nutzung der Website erkl\u00e4ren Sie sich ausdr\u00fccklich mit der Verwendung von Cookies in der unten beschriebenen Weise einverstanden.<\/p>\n<h2>1. Cookies &#8211; Was ist das?<\/h2>\n<p>Cookies sind kleine Informationsdateien, die vom Server einer Website \u00fcber den Browser, den Sie zum Aufrufen der Website verwenden, vor\u00fcbergehend oder dauerhaft auf Ihrem Computer oder Ger\u00e4t gespeichert werden. Cookies enthalten eindeutige Informationen, die es erm\u00f6glichen, Ihren Browser bei Ihrem Besuch sowie ggf. bei jedem weiteren Besuch wiederzuerkennen. Cookies erm\u00f6glichen es uns, die Nutzung der Website zu vereinfachen, zu erg\u00e4nzen und zu personalisieren, und sie erm\u00f6glichen es unseren Partnern, Ihnen Werbung anzubieten, die auf Ihre Interessen oder Vorlieben zugeschnitten ist.<\/p>\n<h2>2. Welche Cookies verwenden wir?<\/h2>\n<h2>2. Welche Cookies verwenden wir?<\/h2>\n<h3>2.1 Unbedingt notwendige Cookies<\/h3>\n<p>Diese Cookies sind unerl\u00e4sslich, damit Sie die Websites besuchen und einige ihrer Funktionen nutzen k\u00f6nnen. Diese Cookies erm\u00f6glichen es Ihnen beispielsweise, zwischen den verschiedenen Bereichen der Website zu navigieren, Formulare auszuf\u00fcllen oder auf bestimmte gesicherte Bereiche zuzugreifen. Wenn Sie diese Cookies ablehnen, kann es sein, dass einige Teile der Website nicht funktionieren.<\/p>\n<h3>2.2 Cookies f\u00fcr Funktionen<\/h3>\n<p>Funktions-Cookies sind Cookies, die den Betrieb der Website einfacher und angenehmer machen und daf\u00fcr sorgen, dass Sie ein personalisierteres Surferlebnis haben. Dies sind zum Beispiel Cookies, die sich an Ihre Spracheinstellungen erinnern.<\/p>\n<h3>2.3 Leistungs- und Statistik-Cookies<\/h3>\n<p>Leistungs-Cookies sind Cookies, die dazu dienen, Informationen dar\u00fcber zu sammeln, wie Besucher die Website nutzen, z. B. Informationen \u00fcber die aufgerufenen Seiten oder die Anzahl der aufgetretenen Fehlermeldungen, um die Nutzung der Website zu analysieren und zu optimieren. Mithilfe von Statistik-Cookies kann GOOGLE ANALYTICS anonyme Informationen sammeln, die uns dabei helfen, zu verstehen, wie Besucher mit der Website interagieren.<\/p>\n<h2>3. Verwaltung von Cookies<\/h2>\n<p>Sie k\u00f6nnen Ihre Cookie-Einstellungen in Ihren Internetbrowsern \u00e4ndern. Diese Einstellungen finden Sie im Men\u00fc &#8222;Optionen&#8220; oder &#8222;Einstellungen&#8220; Ihres Internetbrowsers. Um diese Einstellungen zu verstehen, k\u00f6nnen die folgenden Links hilfreich sein. Ansonsten sollten Sie die Option &#8222;Hilfe&#8220; in Ihrem Internetbrowser verwenden, um weitere Einzelheiten zu erfahren.<\/p>\n<ul>\n<li><strong><a href=\"http:\/\/support.microsoft.com\/kb\/196955\" target=\"_blank\" rel=\"noopener noreferrer\">Cookie-Einstellungen im Internet Explorer<\/a><\/strong><\/li>\n<li><strong><a href=\"http:\/\/support.mozilla.org\/en-US\/kb\/cookies-information-websites-store-on-your-computer?redirectlocale=en-US&amp;redirectslug=Cookies\" target=\"_blank\" rel=\"noopener noreferrer\">Cookie-Einstellungen in Mozilla Firefox<\/a><\/strong><\/li>\n<li><strong><a href=\"http:\/\/support.google.com\/chrome\/bin\/answer.py?hl=en&amp;answer=95647\" target=\"_blank\" rel=\"noopener noreferrer\">Cookie-Einstellungen in Google Chrome<\/a><\/strong><\/li>\n<li><strong><a href=\"http:\/\/support.apple.com\/kb\/HT1677\" target=\"_blank\" rel=\"noopener noreferrer\">Cookie-Einstellungen in Safari<\/a><\/strong> (MAC)<\/li>\n<\/ul>\n<h2>4. \u00c4nderungen<\/h2>\n<p>Wir behalten uns das Recht vor, diese Erkl\u00e4rung zur Verwendung von Cookies jederzeit zu \u00e4ndern.<\/p>\n<p>Diese Cookie-Erkl\u00e4rung wurde zuletzt am 12. Januar 2024 ge\u00e4ndert und \u00fcberarbeitet.<\/p>\n<h2>5. Kontaktdaten<\/h2>\n<p>Das Unternehmen ist f\u00fcr die Verarbeitung dieser Cookies, Dateien und Tags verantwortlich. Wenn dies personenbezogene Daten umfasst, gilt unsere Datenschutzerkl\u00e4rung. Wenn Sie Fragen zu dieser Erkl\u00e4rung \u00fcber die Verwendung von Cookies oder zu unseren Datenschutzrichtlinien haben, kontaktieren Sie uns bitte unter der folgenden E-Mail-Adresse: <a href=\"mailto:info@deparep.be\">info@deparep.be<\/a><\/p>\n","protected":false},"excerpt":{"rendered":"<p>Diese Erkl\u00e4rung zur Verwendung von Cookies gilt f\u00fcr die Website www.deparep.be. Die Website wird von Deparep SPRL mit Sitz in Moresnet betrieben. Zweck dieser Erkl\u00e4rung ist es, den Nutzer der Website \u00fcber die auf der Website verwendeten Cookies zu informieren. Durch den Besuch oder die Nutzung der Website erkl\u00e4ren Sie sich ausdr\u00fccklich mit der Verwendung [&hellip;]<\/p>\n","protected":false},"author":1,"featured_media":0,"parent":0,"menu_order":20,"comment_status":"closed","ping_status":"closed","template":"page-templates\/page-cookies.php","meta":{"_acf_changed":false,"inline_featured_image":false,"footnotes":""},"class_list":["post-397","page","type-page","status-publish","hentry"],"acf":[],"yoast_head":"<!-- This site is optimized with the Yoast SEO plugin v27.4 - https:\/\/yoast.com\/product\/yoast-seo-wordpress\/ -->\n<title>Cookie-Richtlinie - Deparep<\/title>\n<meta name=\"robots\" content=\"index, follow, max-snippet:-1, max-image-preview:large, max-video-preview:-1\" \/>\n<link rel=\"canonical\" href=\"https:\/\/www.deparep.be\/de\/cookie-richtlinie\/\" \/>\n<meta property=\"og:locale\" content=\"de_DE\" \/>\n<meta property=\"og:type\" content=\"article\" \/>\n<meta property=\"og:title\" content=\"Cookie-Richtlinie - Deparep\" \/>\n<meta property=\"og:description\" content=\"Diese Erkl\u00e4rung zur Verwendung von Cookies gilt f\u00fcr die Website www.deparep.be. Die Website wird von Deparep SPRL mit Sitz in Moresnet betrieben. Zweck dieser Erkl\u00e4rung ist es, den Nutzer der Website \u00fcber die auf der Website verwendeten Cookies zu informieren. Durch den Besuch oder die Nutzung der Website erkl\u00e4ren Sie sich ausdr\u00fccklich mit der Verwendung [&hellip;]\" \/>\n<meta property=\"og:url\" content=\"https:\/\/www.deparep.be\/de\/cookie-richtlinie\/\" \/>\n<meta property=\"og:site_name\" content=\"Deparep\" \/>\n<meta property=\"article:modified_time\" content=\"2024-01-12T10:40:40+00:00\" \/>\n<meta name=\"twitter:card\" content=\"summary_large_image\" \/>\n<meta name=\"twitter:label1\" content=\"Gesch\u00e4tzte Lesezeit\" \/>\n\t<meta name=\"twitter:data1\" content=\"3\u00a0Minuten\" \/>\n<script type=\"application\/ld+json\" class=\"yoast-schema-graph\">{\"@context\":\"https:\\\/\\\/schema.org\",\"@graph\":[{\"@type\":\"WebPage\",\"@id\":\"https:\\\/\\\/www.deparep.be\\\/de\\\/cookie-richtlinie\\\/\",\"url\":\"https:\\\/\\\/www.deparep.be\\\/de\\\/cookie-richtlinie\\\/\",\"name\":\"Cookie-Richtlinie - Deparep\",\"isPartOf\":{\"@id\":\"https:\\\/\\\/www.deparep.be\\\/de\\\/#website\"},\"datePublished\":\"2023-10-31T11:18:04+00:00\",\"dateModified\":\"2024-01-12T10:40:40+00:00\",\"breadcrumb\":{\"@id\":\"https:\\\/\\\/www.deparep.be\\\/de\\\/cookie-richtlinie\\\/#breadcrumb\"},\"inLanguage\":\"de\",\"potentialAction\":[{\"@type\":\"ReadAction\",\"target\":[\"https:\\\/\\\/www.deparep.be\\\/de\\\/cookie-richtlinie\\\/\"]}]},{\"@type\":\"BreadcrumbList\",\"@id\":\"https:\\\/\\\/www.deparep.be\\\/de\\\/cookie-richtlinie\\\/#breadcrumb\",\"itemListElement\":[{\"@type\":\"ListItem\",\"position\":1,\"name\":\"Home\",\"item\":\"https:\\\/\\\/www.deparep.be\\\/de\\\/\"},{\"@type\":\"ListItem\",\"position\":2,\"name\":\"Cookie-Richtlinie\"}]},{\"@type\":\"WebSite\",\"@id\":\"https:\\\/\\\/www.deparep.be\\\/de\\\/#website\",\"url\":\"https:\\\/\\\/www.deparep.be\\\/de\\\/\",\"name\":\"Deparep\",\"description\":\"\",\"potentialAction\":[{\"@type\":\"SearchAction\",\"target\":{\"@type\":\"EntryPoint\",\"urlTemplate\":\"https:\\\/\\\/www.deparep.be\\\/de\\\/?s={search_term_string}\"},\"query-input\":{\"@type\":\"PropertyValueSpecification\",\"valueRequired\":true,\"valueName\":\"search_term_string\"}}],\"inLanguage\":\"de\"}]}<\/script>\n<!-- \/ Yoast SEO plugin. -->","yoast_head_json":{"title":"Cookie-Richtlinie - Deparep","robots":{"index":"index","follow":"follow","max-snippet":"max-snippet:-1","max-image-preview":"max-image-preview:large","max-video-preview":"max-video-preview:-1"},"canonical":"https:\/\/www.deparep.be\/de\/cookie-richtlinie\/","og_locale":"de_DE","og_type":"article","og_title":"Cookie-Richtlinie - Deparep","og_description":"Diese Erkl\u00e4rung zur Verwendung von Cookies gilt f\u00fcr die Website www.deparep.be. Die Website wird von Deparep SPRL mit Sitz in Moresnet betrieben. Zweck dieser Erkl\u00e4rung ist es, den Nutzer der Website \u00fcber die auf der Website verwendeten Cookies zu informieren. Durch den Besuch oder die Nutzung der Website erkl\u00e4ren Sie sich ausdr\u00fccklich mit der Verwendung [&hellip;]","og_url":"https:\/\/www.deparep.be\/de\/cookie-richtlinie\/","og_site_name":"Deparep","article_modified_time":"2024-01-12T10:40:40+00:00","twitter_card":"summary_large_image","twitter_misc":{"Gesch\u00e4tzte Lesezeit":"3\u00a0Minuten"},"schema":{"@context":"https:\/\/schema.org","@graph":[{"@type":"WebPage","@id":"https:\/\/www.deparep.be\/de\/cookie-richtlinie\/","url":"https:\/\/www.deparep.be\/de\/cookie-richtlinie\/","name":"Cookie-Richtlinie - Deparep","isPartOf":{"@id":"https:\/\/www.deparep.be\/de\/#website"},"datePublished":"2023-10-31T11:18:04+00:00","dateModified":"2024-01-12T10:40:40+00:00","breadcrumb":{"@id":"https:\/\/www.deparep.be\/de\/cookie-richtlinie\/#breadcrumb"},"inLanguage":"de","potentialAction":[{"@type":"ReadAction","target":["https:\/\/www.deparep.be\/de\/cookie-richtlinie\/"]}]},{"@type":"BreadcrumbList","@id":"https:\/\/www.deparep.be\/de\/cookie-richtlinie\/#breadcrumb","itemListElement":[{"@type":"ListItem","position":1,"name":"Home","item":"https:\/\/www.deparep.be\/de\/"},{"@type":"ListItem","position":2,"name":"Cookie-Richtlinie"}]},{"@type":"WebSite","@id":"https:\/\/www.deparep.be\/de\/#website","url":"https:\/\/www.deparep.be\/de\/","name":"Deparep","description":"","potentialAction":[{"@type":"SearchAction","target":{"@type":"EntryPoint","urlTemplate":"https:\/\/www.deparep.be\/de\/?s={search_term_string}"},"query-input":{"@type":"PropertyValueSpecification","valueRequired":true,"valueName":"search_term_string"}}],"inLanguage":"de"}]}},"_links":{"self":[{"href":"https:\/\/www.deparep.be\/de\/wp-json\/wp\/v2\/pages\/397","targetHints":{"allow":["GET"]}}],"collection":[{"href":"https:\/\/www.deparep.be\/de\/wp-json\/wp\/v2\/pages"}],"about":[{"href":"https:\/\/www.deparep.be\/de\/wp-json\/wp\/v2\/types\/page"}],"author":[{"embeddable":true,"href":"https:\/\/www.deparep.be\/de\/wp-json\/wp\/v2\/users\/1"}],"replies":[{"embeddable":true,"href":"https:\/\/www.deparep.be\/de\/wp-json\/wp\/v2\/comments?post=397"}],"version-history":[{"count":5,"href":"https:\/\/www.deparep.be\/de\/wp-json\/wp\/v2\/pages\/397\/revisions"}],"predecessor-version":[{"id":492,"href":"https:\/\/www.deparep.be\/de\/wp-json\/wp\/v2\/pages\/397\/revisions\/492"}],"wp:attachment":[{"href":"https:\/\/www.deparep.be\/de\/wp-json\/wp\/v2\/media?parent=397"}],"curies":[{"name":"wp","href":"https:\/\/api.w.org\/{rel}","templated":true}]}}