{"id":1044,"date":"2024-04-10T09:25:16","date_gmt":"2024-04-10T09:25:16","guid":{"rendered":"https:\/\/www.deparep.be\/politique-de-confidentialite\/"},"modified":"2025-07-14T08:19:56","modified_gmt":"2025-07-14T08:19:56","slug":"politique-de-confidentialite","status":"publish","type":"page","link":"https:\/\/www.deparep.be\/de\/politique-de-confidentialite\/","title":{"rendered":"Politique de confidentialit\u00e9"},"content":{"rendered":"<h2>1. Pr\u00e4ambel<\/h2>\n<p>DEPAREP SRL (nachfolgend &#8222;<strong>wir<\/strong>&#8222;) ist bestrebt, die Privatsph\u00e4re aller Personen zu sch\u00fctzen, die die Website <a href=\"https:\/\/www.deparep.be\/de\/\">https:\/\/www.deparep.be<\/a> (nachfolgend &#8222;<strong>Website<\/strong>&#8222;) und ihre Dienstleistungen (nachfolgend &#8222;<strong>Sie<\/strong>&#8222;) nutzen.<\/p>\n<p>Wir handeln transparent und in \u00dcbereinstimmung mit den einschl\u00e4gigen nationalen und internationalen Bestimmungen, insbesondere der Verordnung (EU) 2016\/679 des Europ\u00e4ischen Parlaments und des Rates vom 27. April 2016 zum Schutz nat\u00fcrlicher Personen bei der Verarbeitung personenbezogener Daten und zum freien Datenverkehr, zur Aufhebung der Richtlinie 95\/46\/EG (im Folgenden &#8222;Datenschutz-Grundverordnung&#8220; oder &#8222;DSGVO&#8220;).<\/p>\n<p>Dieses Informationsdokument zum Schutz personenbezogener Daten beschreibt, wie wir Ihre Daten verarbeiten und welche Rechte Sie als betroffene Person in Bezug auf die Sie betreffenden Daten aus\u00fcben k\u00f6nnen.<\/p>\n<h2>2. Verantwortlicher f\u00fcr die Datenverarbeitung<\/h2>\n<p>Die Gesellschaft mit beschr\u00e4nkter Haftung DEPAREP mit Sitz in 4850 PLOMBIERES, Chauss\u00e9e de Li\u00e8ge, 125 und eingetragen bei der Banque Carrefour des Entreprises unter der Nummer 1002.386.518 ist f\u00fcr die Verarbeitung Ihrer Daten verantwortlich.<\/p>\n<p>Kontakt: Post oder <a href=\"mailto:info@deparep.be\">info@deparep.be<\/a> oder Telefon +32 492 31 21 22<\/p>\n<h2>3. Pers\u00f6nliche Daten<\/h2>\n<p>Im Folgenden finden Sie die Kategorien personenbezogener Daten, die gesammelt und verarbeitet werden:<\/p>\n<ul>\n<li>Identit\u00e4tsdaten (Name, Vorname)<\/li>\n<li>Kontaktdaten (E-Mail-Adresse, Telefonnummer)<\/li>\n<li>Standortdaten (Postanschrift)<\/li>\n<li>Fotos (optional)<\/li>\n<li>Verbindungsdaten (IP-Adresse, Geolokalisierungszone, aufgerufene Seiten, Tag und Uhrzeit des Besuchs, ).<\/li>\n<\/ul>\n<p>Dar\u00fcber hinaus k\u00f6nnen in Bezug auf Gewerbetreibende auch die folgenden personenbezogenen Daten erhoben und verarbeitet werden:<\/p>\n<ul>\n<li>Zus\u00e4tzliche Identifikationsdaten (EZB, Mehrwertsteuer).<\/li>\n<li>Bankdaten<\/li>\n<\/ul>\n<p>Ihre Daten werden sachgerecht verarbeitet und nur so lange aufbewahrt, wie es f\u00fcr die Erreichung der dargestellten Zwecke erforderlich ist.<\/p>\n<h2>4. Erhebung der Daten<\/h2>\n<p>Die meisten Ihrer Daten erhalten wir durch Ihr aktives Eingreifen, insbesondere wenn Sie eine Anfrage f\u00fcr eine Intervention, eine Projektanfrage oder eine Anfrage f\u00fcr einen Sammelkauf stellen.<\/p>\n<p>Einige Daten ergeben sich aus Ihrem blo\u00dfen Surfen oder Ihrer Nutzung der Website. En\ufb01nanziell k\u00f6nnen uns bestimmte Daten von Fachleuten gemeldet werden.<\/p>\n<h2>5. Zweck der Verarbeitung<\/h2>\n<p>Wir verpflichten uns, Ihre personenbezogenen Daten nur f\u00fcr die folgenden Zwecke zu verarbeiten:<\/p>\n<ul>\n<li>Gew\u00e4hrleistung der ordnungsgem\u00e4\u00dfen Bearbeitung von Interventionsanfragen, Projektanfragen oder Gruppenkaufanfragen ;<\/li>\n<li>Pr\u00fcfung, Validierung und Ver\u00f6ffentlichung von eingereichten Beitr\u00e4gen.<\/li>\n<li>Einen qualitativ hochwertigen Follow-up-Service zu gew\u00e4hrleisten (Empfehlungen, Beschwerden, Zufriedenheitsformular, ).<\/li>\n<li>Unsere Dienstleistungen verwalten und verbessern<\/li>\n<li>Die Einhaltung der Verpflichtungen, die sich aus den Allgemeinen Nutzungsbedingungen ergeben, \u00fcberpr\u00fcfen.<\/li>\n<li>Erstellung von Statistiken \u00fcber den Besuch der Website und die Nutzung der angebotenen Dienste.<\/li>\n<li>Sicherstellung der Einhaltung gesetzlicher Verpflichtungen, insbesondere im Steuerbereich.<\/li>\n<\/ul>\n<h2>6. Dauer<\/h2>\n<p>Wir bewahren Ihre Daten so lange auf, wie es f\u00fcr die Erf\u00fcllung der verfolgten Ziele erforderlich ist. Sobald dieser Zweck erf\u00fcllt ist, l\u00f6schen oder anonymisieren wir sie.<\/p>\n<h2>7. Weitergabe von Daten<\/h2>\n<p>Vorbehaltlich der nachfolgenden Bestimmungen \u00fcbermitteln oder verkaufen wir die erhobenen personenbezogenen Daten unter keinen Umst\u00e4nden an Dritte.<\/p>\n<p>Die im Rahmen einer Anfrage f\u00fcr eine Intervention, eine Projektanfrage oder eine Anfrage f\u00fcr einen Sammelkauf gesammelten Daten k\u00f6nnen jedoch an die Fachleute weitergegeben werden, mit denen wir zusammenarbeiten und die haupts\u00e4chlich auf unserer Website identifiziert werden. In diesem Fall stellen wir den Schutz Ihrer Daten durch Vereinbarungen sicher, die die Vertraulichkeit und den Respekt Ihrer Daten gew\u00e4hrleisten.<\/p>\n<p>Dar\u00fcber hinaus kann es sein, dass wir Ihre Daten weitergeben m\u00fcssen, um unsere vertraglichen oder gesetzlichen Verpflichtungen zu erf\u00fcllen.<\/p>\n<p>Es werden keine Daten in ein Land au\u00dferhalb der Europ\u00e4ischen Union oder des Europ\u00e4ischen Wirtschaftsraums \u00fcbertragen.<\/p>\n<h2>8. Sicherheit Ihrer Daten<\/h2>\n<p>Wir haben die Pflicht, sicherzustellen, dass Ihre Daten sicher verarbeitet werden, und Sie zu warnen, wenn die Sicherheit Ihrer Daten nicht gew\u00e4hrleistet ist.<\/p>\n<p>Wir ergreifen technische und organisatorische Ma\u00dfnahmen, um Ihre Daten vor Verlust oder jeglicher Form der unrechtm\u00e4\u00dfigen Verarbeitung zu sch\u00fctzen.<\/p>\n<p>Wenn Sie Bedenken hinsichtlich der Art und Weise haben, wie Ihre Daten verarbeitet werden, k\u00f6nnen Sie sich an uns oder die Datenschutzbeh\u00f6rde (siehe unten) wenden.<\/p>\n<h2>9. Einwilligung und Widerrufsrecht<\/h2>\n<p>Die Verarbeitung Ihrer Daten basiert auf Ihrer Einwilligung. Sie haben das Recht, Ihre Zustimmung nicht zu erteilen, wobei dies zu einer Einschr\u00e4nkung Ihrer M\u00f6glichkeiten, die Website zu durchsuchen oder auf unsere Dienste zuzugreifen, f\u00fchren kann.<\/p>\n<p>Wenn Sie auf der Website surfen oder auf andere Weise mit uns in Kontakt treten, erteilen Sie uns die Erlaubnis, Ihre personenbezogenen Daten auf sichere Weise zu sammeln und sie zu den zuvor beschriebenen spezifischen Zwecken zu verarbeiten.<\/p>\n<p>Sie haben das Recht, diese Einwilligung jederzeit zu widerrufen, indem Sie uns per E-Mail (info@deparep.be) oder auf dem Postweg (Chauss\u00e9e de Li\u00e8ge, 125, 4850 PLOMBIERES) kontaktieren.<\/p>\n<p>Der Widerruf der Einwilligung beeintr\u00e4chtigt nicht die Rechtm\u00e4\u00dfigkeit der Verarbeitung auf der Grundlage der Einwilligung, die vor dem Widerruf der Einwilligung erfolgt ist.<\/p>\n<h2>10. Ihre Rechte<\/h2>\n<p>Vorbehaltlich unserer eigenen Rechte und Pflichten haben Sie ein Recht :<\/p>\n<ul>\n<li>Auf Zugang zu Ihren Daten: Sie k\u00f6nnen Informationen \u00fcber die Verarbeitung Ihrer personenbezogenen Daten erhalten und Sie k\u00f6nnen eine Kopie dieser Daten erhalten.<\/li>\n<li>Berichtigung Ihrer Daten: Wenn Sie der Meinung sind, dass Ihre personenbezogenen Daten unrichtig oder unvollst\u00e4ndig sind, k\u00f6nnen Sie verlangen, dass diese personenbezogenen Daten ge\u00e4ndert werden.<\/li>\n<li>L\u00f6schung Ihrer Daten: Sie k\u00f6nnen verlangen, dass Ihre personenbezogenen Daten gel\u00f6scht werden.<\/li>\n<li>Auf Einschr\u00e4nkung der Verarbeitung: Sie k\u00f6nnen verlangen, dass die Verarbeitung Ihrer Daten eingeschr\u00e4nkt wird.<\/li>\n<li>Widerspruch: Sie k\u00f6nnen der Verarbeitung Ihrer personenbezogenen Daten aus Gr\u00fcnden, die sich aus Ihrer besonderen Situation ergeben, widersprechen, wenn dies gesetzlich oder durch andere Vorschriften vorgesehen ist.<\/li>\n<li>Auf Daten\u00fcbertragbarkeit: In den gesetzlich vorgesehenen F\u00e4llen und wenn es technisch m\u00f6glich ist, haben Sie das Recht, die personenbezogenen Daten, die Sie uns zur Verf\u00fcgung gestellt haben, zu erhalten und sie an einen anderen \u00fcbertragen zu lassen.<\/li>\n<li>Auf Widerruf Ihrer Einwilligung: Sofern Sie Ihre Einwilligung zur Verarbeitung personenbezogener Daten gegeben haben, haben Sie immer das Recht, diese<\/li>\n<li>Einwilligung zu widerrufen, ohne die Rechtm\u00e4\u00dfigkeit der Verarbeitung zu beeintr\u00e4chtigen, die auf der Einwilligung beruht und vor dem Widerruf der<\/li>\n<li>Einwilligung erfolgt ist. Wenn die Daten jedoch auf einer anderen Rechtsgrundlage verarbeitet werden, kann die Verarbeitung fortgesetzt werden.<\/li>\n<\/ul>\n<p>Wenn Sie eines der oben genannten Rechte aus\u00fcben m\u00f6chten, k\u00f6nnen Sie sich per E-Mail (<a href=\"mailto:info@deparep.be\">info@deparep.be<\/a>) oder auf dem Postweg (Chauss\u00e9e de Li\u00e8ge, 125, 4850 PLOMBIERES) an uns wenden.<\/p>\n<p>Jede Anfrage, die Sie an uns richten, muss von uns sp\u00e4testens innerhalb eines Monats ab dem Zeitpunkt Ihrer Anfrage beantwortet werden. Bei komplexen und zahlreichen Anfragen kann diese Frist zwei Monate betragen.<\/p>\n<p>Anfragen gem\u00e4\u00df diesem Punkt sind kostenlos, es sei denn, sie sind offensichtlich unbegr\u00fcndet oder \u00fcberm\u00e4\u00dfig, insbesondere weil sie sich wiederholen. In letzterem Fall k\u00f6nnen wir die Zahlung einer angemessenen Geb\u00fchr verlangen, die die mit diesen Anfragen verbundenen Verwaltungskosten ber\u00fccksichtigt, oder uns weigern, auf diese Anfragen zu reagieren.<\/p>\n<p>Wenn Sie der Meinung sind, dass wir unseren Verpflichtungen nicht nachgekommen sind, haben Sie das Recht, bei der Datenschutzbeh\u00f6rde (infra) eine Beschwerde einzureichen.<\/p>\n<h2>11. Beschwerde<\/h2>\n<p>Sie haben das Recht, eine Beschwerde bei der Kontrollstelle (fr\u00fcher: Kommission f\u00fcr den Schutz des Privatlebens) einzureichen: Rue de la Presse 35, 1000 Br\u00fcssel, Tel.: +32 2 274 48 00 oder <a href=\"mailto:contact@apd-gba.be\">contact@apd-gba.be<\/a>.<\/p>\n<h2>12. Cookies<\/h2>\n<p>Das Surfen oder die Nutzung unserer Website kann dazu f\u00fchren, dass Cookies auf Ihrem Computer abgelegt werden. Sie k\u00f6nnen diese ablehnen.<\/p>\n<p>F\u00fcr weitere Informationen verweisen wir Sie auf die &#8222;Cookie-Richtlinie&#8220;, die Sie unter folgender Adresse finden: <a href=\"https:\/\/www.deparep.be\/de\/cookie-richtlinie\/\">https:\/\/www.deparep.be\/de\/cookie-richtlinie\/ <\/a><\/p>\n<h2>13. Minderj\u00e4hrige und gesch\u00e4ftsunf\u00e4hige Personen<\/h2>\n<p>Personen unter 18 Jahren und Personen, die nicht voll gesch\u00e4ftsf\u00e4hig sind, ist die Nutzung der Website nicht gestattet.<\/p>\n<p>Wir bitten sie, darauf zu achten, dass sie uns ihre personenbezogenen Daten nicht zur Verf\u00fcgung stellen.<\/p>\n<h2>14. \u00c4nderung der Datenschutzrichtlinie<\/h2>\n<p>Wir behalten uns das Recht vor, diese Datenschutzrichtlinie jederzeit und ohne Vorank\u00fcndigung zu \u00e4ndern.<\/p>\n<p>Die Datenschutzrichtlinie wurde zuletzt am 11. M\u00e4rz 2024 \u00fcberpr\u00fcft und ge\u00e4ndert.<\/p>\n<h2>15. Anwendbares Recht und zust\u00e4ndige Gerichtsbarkeit<\/h2>\n<p>Diese Datenschutzrichtlinie unterliegt dem belgischen Recht, unabh\u00e4ngig davon, wo Sie sich befinden.<\/p>\n<p>Im Falle eines Rechtsstreits wird eine g\u00fctliche Einigung bevorzugt. Falls keine Einigung erzielt werden kann, liegt die ausschlie\u00dfliche Zust\u00e4ndigkeit bei den Gerichten am eingetragenen Sitz von DEPAREP.<\/p>\n","protected":false},"excerpt":{"rendered":"<p>1. Pr\u00e4ambel DEPAREP SRL (nachfolgend &#8222;wir&#8222;) ist bestrebt, die Privatsph\u00e4re aller Personen zu sch\u00fctzen, die die Website https:\/\/www.deparep.be (nachfolgend &#8222;Website&#8222;) und ihre Dienstleistungen (nachfolgend &#8222;Sie&#8222;) nutzen. Wir handeln transparent und in \u00dcbereinstimmung mit den einschl\u00e4gigen nationalen und internationalen Bestimmungen, insbesondere der Verordnung (EU) 2016\/679 des Europ\u00e4ischen Parlaments und des Rates vom 27. April 2016 zum [&hellip;]<\/p>\n","protected":false},"author":1,"featured_media":0,"parent":0,"menu_order":4,"comment_status":"closed","ping_status":"closed","template":"page-templates\/page-cookies.php","meta":{"_acf_changed":false,"inline_featured_image":false,"footnotes":""},"class_list":["post-1044","page","type-page","status-publish","hentry"],"acf":[],"yoast_head":"<!-- This site is optimized with the Yoast SEO plugin v27.4 - https:\/\/yoast.com\/product\/yoast-seo-wordpress\/ -->\n<title>Politique de confidentialit\u00e9 - Deparep<\/title>\n<meta name=\"robots\" content=\"index, follow, max-snippet:-1, max-image-preview:large, max-video-preview:-1\" \/>\n<link rel=\"canonical\" href=\"https:\/\/www.deparep.be\/de\/politique-de-confidentialite\/\" \/>\n<meta property=\"og:locale\" content=\"de_DE\" \/>\n<meta property=\"og:type\" content=\"article\" \/>\n<meta property=\"og:title\" content=\"Politique de confidentialit\u00e9 - Deparep\" \/>\n<meta property=\"og:description\" content=\"1. Pr\u00e4ambel DEPAREP SRL (nachfolgend &#8222;wir&#8222;) ist bestrebt, die Privatsph\u00e4re aller Personen zu sch\u00fctzen, die die Website https:\/\/www.deparep.be (nachfolgend &#8222;Website&#8222;) und ihre Dienstleistungen (nachfolgend &#8222;Sie&#8222;) nutzen. Wir handeln transparent und in \u00dcbereinstimmung mit den einschl\u00e4gigen nationalen und internationalen Bestimmungen, insbesondere der Verordnung (EU) 2016\/679 des Europ\u00e4ischen Parlaments und des Rates vom 27. April 2016 zum [&hellip;]\" \/>\n<meta property=\"og:url\" content=\"https:\/\/www.deparep.be\/de\/politique-de-confidentialite\/\" \/>\n<meta property=\"og:site_name\" content=\"Deparep\" \/>\n<meta property=\"article:modified_time\" content=\"2025-07-14T08:19:56+00:00\" \/>\n<meta name=\"twitter:card\" content=\"summary_large_image\" \/>\n<meta name=\"twitter:label1\" content=\"Gesch\u00e4tzte Lesezeit\" \/>\n\t<meta name=\"twitter:data1\" content=\"7\u00a0Minuten\" \/>\n<script type=\"application\/ld+json\" class=\"yoast-schema-graph\">{\"@context\":\"https:\\\/\\\/schema.org\",\"@graph\":[{\"@type\":\"WebPage\",\"@id\":\"https:\\\/\\\/www.deparep.be\\\/de\\\/politique-de-confidentialite\\\/\",\"url\":\"https:\\\/\\\/www.deparep.be\\\/de\\\/politique-de-confidentialite\\\/\",\"name\":\"Politique de confidentialit\u00e9 - Deparep\",\"isPartOf\":{\"@id\":\"https:\\\/\\\/www.deparep.be\\\/de\\\/#website\"},\"datePublished\":\"2024-04-10T09:25:16+00:00\",\"dateModified\":\"2025-07-14T08:19:56+00:00\",\"breadcrumb\":{\"@id\":\"https:\\\/\\\/www.deparep.be\\\/de\\\/politique-de-confidentialite\\\/#breadcrumb\"},\"inLanguage\":\"de\",\"potentialAction\":[{\"@type\":\"ReadAction\",\"target\":[\"https:\\\/\\\/www.deparep.be\\\/de\\\/politique-de-confidentialite\\\/\"]}]},{\"@type\":\"BreadcrumbList\",\"@id\":\"https:\\\/\\\/www.deparep.be\\\/de\\\/politique-de-confidentialite\\\/#breadcrumb\",\"itemListElement\":[{\"@type\":\"ListItem\",\"position\":1,\"name\":\"Home\",\"item\":\"https:\\\/\\\/www.deparep.be\\\/de\\\/\"},{\"@type\":\"ListItem\",\"position\":2,\"name\":\"Politique de confidentialit\u00e9\"}]},{\"@type\":\"WebSite\",\"@id\":\"https:\\\/\\\/www.deparep.be\\\/de\\\/#website\",\"url\":\"https:\\\/\\\/www.deparep.be\\\/de\\\/\",\"name\":\"Deparep\",\"description\":\"\",\"potentialAction\":[{\"@type\":\"SearchAction\",\"target\":{\"@type\":\"EntryPoint\",\"urlTemplate\":\"https:\\\/\\\/www.deparep.be\\\/de\\\/?s={search_term_string}\"},\"query-input\":{\"@type\":\"PropertyValueSpecification\",\"valueRequired\":true,\"valueName\":\"search_term_string\"}}],\"inLanguage\":\"de\"}]}<\/script>\n<!-- \/ Yoast SEO plugin. -->","yoast_head_json":{"title":"Politique de confidentialit\u00e9 - Deparep","robots":{"index":"index","follow":"follow","max-snippet":"max-snippet:-1","max-image-preview":"max-image-preview:large","max-video-preview":"max-video-preview:-1"},"canonical":"https:\/\/www.deparep.be\/de\/politique-de-confidentialite\/","og_locale":"de_DE","og_type":"article","og_title":"Politique de confidentialit\u00e9 - Deparep","og_description":"1. Pr\u00e4ambel DEPAREP SRL (nachfolgend &#8222;wir&#8222;) ist bestrebt, die Privatsph\u00e4re aller Personen zu sch\u00fctzen, die die Website https:\/\/www.deparep.be (nachfolgend &#8222;Website&#8222;) und ihre Dienstleistungen (nachfolgend &#8222;Sie&#8222;) nutzen. Wir handeln transparent und in \u00dcbereinstimmung mit den einschl\u00e4gigen nationalen und internationalen Bestimmungen, insbesondere der Verordnung (EU) 2016\/679 des Europ\u00e4ischen Parlaments und des Rates vom 27. April 2016 zum [&hellip;]","og_url":"https:\/\/www.deparep.be\/de\/politique-de-confidentialite\/","og_site_name":"Deparep","article_modified_time":"2025-07-14T08:19:56+00:00","twitter_card":"summary_large_image","twitter_misc":{"Gesch\u00e4tzte Lesezeit":"7\u00a0Minuten"},"schema":{"@context":"https:\/\/schema.org","@graph":[{"@type":"WebPage","@id":"https:\/\/www.deparep.be\/de\/politique-de-confidentialite\/","url":"https:\/\/www.deparep.be\/de\/politique-de-confidentialite\/","name":"Politique de confidentialit\u00e9 - Deparep","isPartOf":{"@id":"https:\/\/www.deparep.be\/de\/#website"},"datePublished":"2024-04-10T09:25:16+00:00","dateModified":"2025-07-14T08:19:56+00:00","breadcrumb":{"@id":"https:\/\/www.deparep.be\/de\/politique-de-confidentialite\/#breadcrumb"},"inLanguage":"de","potentialAction":[{"@type":"ReadAction","target":["https:\/\/www.deparep.be\/de\/politique-de-confidentialite\/"]}]},{"@type":"BreadcrumbList","@id":"https:\/\/www.deparep.be\/de\/politique-de-confidentialite\/#breadcrumb","itemListElement":[{"@type":"ListItem","position":1,"name":"Home","item":"https:\/\/www.deparep.be\/de\/"},{"@type":"ListItem","position":2,"name":"Politique de confidentialit\u00e9"}]},{"@type":"WebSite","@id":"https:\/\/www.deparep.be\/de\/#website","url":"https:\/\/www.deparep.be\/de\/","name":"Deparep","description":"","potentialAction":[{"@type":"SearchAction","target":{"@type":"EntryPoint","urlTemplate":"https:\/\/www.deparep.be\/de\/?s={search_term_string}"},"query-input":{"@type":"PropertyValueSpecification","valueRequired":true,"valueName":"search_term_string"}}],"inLanguage":"de"}]}},"_links":{"self":[{"href":"https:\/\/www.deparep.be\/de\/wp-json\/wp\/v2\/pages\/1044","targetHints":{"allow":["GET"]}}],"collection":[{"href":"https:\/\/www.deparep.be\/de\/wp-json\/wp\/v2\/pages"}],"about":[{"href":"https:\/\/www.deparep.be\/de\/wp-json\/wp\/v2\/types\/page"}],"author":[{"embeddable":true,"href":"https:\/\/www.deparep.be\/de\/wp-json\/wp\/v2\/users\/1"}],"replies":[{"embeddable":true,"href":"https:\/\/www.deparep.be\/de\/wp-json\/wp\/v2\/comments?post=1044"}],"version-history":[{"count":5,"href":"https:\/\/www.deparep.be\/de\/wp-json\/wp\/v2\/pages\/1044\/revisions"}],"predecessor-version":[{"id":1052,"href":"https:\/\/www.deparep.be\/de\/wp-json\/wp\/v2\/pages\/1044\/revisions\/1052"}],"wp:attachment":[{"href":"https:\/\/www.deparep.be\/de\/wp-json\/wp\/v2\/media?parent=1044"}],"curies":[{"name":"wp","href":"https:\/\/api.w.org\/{rel}","templated":true}]}}